{"id":6,"date":"2022-07-18T01:51:29","date_gmt":"2022-07-18T01:51:29","guid":{"rendered":"https:\/\/centrortopedicovasco.com\/?page_id=6"},"modified":"2025-09-11T22:42:16","modified_gmt":"2025-09-11T22:42:16","slug":"inicio","status":"publish","type":"page","link":"https:\/\/centrortopedicovasco.com\/index.php\/inicio\/","title":{"rendered":"DR. VASCO"},"content":{"rendered":"<p>[et_pb_section fb_built=&#8221;1&#8243; _builder_version=&#8221;4.9.4&#8243; _module_preset=&#8221;default&#8221;][et_pb_row _builder_version=&#8221;4.9.4&#8243; _module_preset=&#8221;default&#8221;][et_pb_column type=&#8221;4_4&#8243; _builder_version=&#8221;4.9.4&#8243; _module_preset=&#8221;default&#8221;][et_pb_menu active_link_color=&#8221;#000000&#8243; show_search_icon=&#8221;on&#8221; _builder_version=&#8221;4.9.4&#8243; _module_preset=&#8221;default&#8221; menu_font=&#8221;Anton||||||||&#8221; menu_text_color=&#8221;#000000&#8243; menu_font_size=&#8221;18px&#8221;][\/et_pb_menu][\/et_pb_column][\/et_pb_row][\/et_pb_section][et_pb_section fb_built=&#8221;1&#8243; disabled_on=&#8221;off|off|on&#8221; _builder_version=&#8221;4.9.4&#8243; _module_preset=&#8221;default&#8221; background_image=&#8221;https:\/\/centrortopedicovasco.com\/wp-content\/uploads\/2022\/07\/Copia-de-Sin-titulo-6.png&#8221; width=&#8221;100%&#8221; module_alignment=&#8221;center&#8221; min_height=&#8221;100px&#8221; height=&#8221;170px&#8221; custom_margin=&#8221;-50px||||false|false&#8221;][\/et_pb_section][et_pb_section fb_built=&#8221;1&#8243; disabled_on=&#8221;on|on|off&#8221; _builder_version=&#8221;4.9.4&#8243; _module_preset=&#8221;default&#8221; background_image=&#8221;https:\/\/centrortopedicovasco.com\/wp-content\/uploads\/2022\/07\/Copia-de-Sin-titulo-6.png&#8221; width=&#8221;61%&#8221; max_width=&#8221;41%&#8221; module_alignment=&#8221;center&#8221; min_height=&#8221;220px&#8221;][et_pb_row _builder_version=&#8221;4.9.4&#8243; _module_preset=&#8221;default&#8221;][et_pb_column type=&#8221;4_4&#8243; _builder_version=&#8221;4.9.4&#8243; _module_preset=&#8221;default&#8221;][\/et_pb_column][\/et_pb_row][\/et_pb_section][et_pb_section fb_built=&#8221;1&#8243; prev_background_color=&#8221;#ffffff&#8221; _builder_version=&#8221;4.9.4&#8243; _module_preset=&#8221;default&#8221; use_background_color_gradient=&#8221;on&#8221; background_color_gradient_start=&#8221;rgba(102,160,173,0.66)&#8221; background_color_gradient_end=&#8221;rgba(52,155,173,0.83)&#8221; background_color_gradient_start_position=&#8221;77%&#8221; top_divider_style=&#8221;curve2&#8243; top_divider_height=&#8221;77px&#8221; hover_enabled=&#8221;0&#8243; sticky_enabled=&#8221;0&#8243;][et_pb_row _builder_version=&#8221;4.9.4&#8243; _module_preset=&#8221;default&#8221; width=&#8221;87%&#8221; custom_margin=&#8221;39px||||false|false&#8221; custom_padding=&#8221;0px|||||&#8221;][et_pb_column type=&#8221;4_4&#8243; _builder_version=&#8221;4.9.4&#8243; _module_preset=&#8221;default&#8221;][et_pb_text _builder_version=&#8221;4.9.4&#8243; _module_preset=&#8221;default&#8221; text_font=&#8221;Montserrat|700|on||||||&#8221; text_text_color=&#8221;#008dad&#8221; text_font_size=&#8221;39px&#8221; text_letter_spacing=&#8221;1px&#8221; text_line_height=&#8221;1em&#8221; custom_margin=&#8221;32px||||false|false&#8221; animation_style=&#8221;bounce&#8221; hover_enabled=&#8221;0&#8243; text_text_shadow_style=&#8221;preset1&#8243; text_text_shadow_color=&#8221;#FFFFFF&#8221; sticky_enabled=&#8221;0&#8243;]<\/p>\n<p style=\"text-align: center;\">\u00bfQUI\u00c9N ES EL DR. VASCO?<\/p>\n<p>[\/et_pb_text][et_pb_team_member name=&#8221;JUAN CARLOS VASCO ALZATE&#8221; position=&#8221;NUESTRO FUNDADOR&#8221; image_url=&#8221;https:\/\/centrortopedicovasco.com\/wp-content\/uploads\/2022\/07\/IMG-20150822-WA0002-450&#215;539-1.png&#8221; icon_color=&#8221;#FFFFFF&#8221; _builder_version=&#8221;4.9.4&#8243; _module_preset=&#8221;default&#8221; header_text_color=&#8221;#000000&#8243; body_font=&#8221;Roboto Condensed||||||||&#8221; body_text_color=&#8221;#000000&#8243; body_font_size=&#8221;19px&#8221; position_text_color=&#8221;#0C71C3&#8243; custom_margin=&#8221;10px||||false|false&#8221; custom_padding=&#8221;5px||||false|false&#8221; border_radii_image=&#8221;on|14px|14px|14px|14px&#8221; box_shadow_style_image=&#8221;preset4&#8243;]<\/p>\n<p>&nbsp;<\/p>\n<p>\u00a0M\u00e9dico egresado, en su pregrado, de la universidad de Caldas. Realiz\u00f3 su posgrado en ortopedia y traumatolog\u00eda en el hospital de Ipanema, en R\u00edo de Janeiro-Brasil.<\/p>\n<p>Desde el a\u00f1o 2001 desarroll\u00f3, durante 8 a\u00f1os, la actividad de ortopedia y traumatolog\u00eda en diferentes entidades de la regi\u00f3n.<\/p>\n<p>En el a\u00f1o 2008, present\u00f3 especial inter\u00e9s en cirug\u00edas m\u00ednimamente invasivas, artroscopias y medicina deportiva; por lo que decidi\u00f3 profundizar su conocimiento en dicha \u00e1rea. Fue as\u00ed que realiz\u00f3 la subespecializacion en cirug\u00eda de hombro, rodilla y ortopedia deportiva en el centro m\u00e9dico Imbanaco de Cali, fellow que realiz\u00f3 durante todo ese a\u00f1o .<\/p>\n<p>Regres\u00f3 a la ciudad en el a\u00f1o 2009, y desde entonces desarrolla su actividad con \u00e9nfasis en esas \u00e1reas, hasta la fecha.<\/p>\n<p>En el a\u00f1o 2017 realiz\u00f3 un diplomado en ecografia musculoesquel\u00e9tica, y asisti\u00f3 a una pasant\u00eda de procedimientos ecoguiados con el Dr. Ram\u00f3n Balius, en Barcelona. Desde entonces agreg\u00f3 esa valiosa herramienta a su pr\u00e1ctica diaria.<\/p>\n<p>En el a\u00f1o 2020 realiz\u00f3 un diplomado en Medicina Regenerativa, campo en el cual est\u00e1 trabajando actualmente para mejorar los resultados de sus pacientes, con t\u00e9cnicas como aplicaci\u00f3n de plasma rico en plaquetas y tratamientos con c\u00e9lulas mesenquimales.<\/p>\n<p>Como m\u00e9dico ortopedista radicado en Manizales, destaca por su calidad huamana, siempre centrado en la salud y bienestar del paciente. Por ello, es reconocido en la regi\u00f3n como un profesional de profunda vocaci\u00f3n y \u00e9tica.<strong><\/strong><\/p>\n<p>&nbsp;<\/p>\n<p>[\/et_pb_team_member][et_pb_number_counter title=&#8221;Calidad profesional y humana&#8221; number=&#8221;100&#8243; _builder_version=&#8221;4.9.4&#8243; _module_preset=&#8221;default&#8221; title_font=&#8221;Bebas Neue||||||||&#8221; title_font_size=&#8221;22px&#8221; number_font=&#8221;Bebas Neue||||||||&#8221; number_text_color=&#8221;#349bad&#8221; number_letter_spacing=&#8221;2px&#8221; number_text_shadow_style=&#8221;preset4&#8243; number_text_shadow_color=&#8221;#FFFFFF&#8221;][\/et_pb_number_counter][\/et_pb_column][\/et_pb_row][et_pb_row _builder_version=&#8221;4.9.4&#8243; _module_preset=&#8221;default&#8221; width=&#8221;84%&#8221; custom_margin=&#8221;-22px||||false|false&#8221;][et_pb_column type=&#8221;4_4&#8243; _builder_version=&#8221;4.9.4&#8243; _module_preset=&#8221;default&#8221;][et_pb_divider color=&#8221;#FFFFFF&#8221; _builder_version=&#8221;4.9.4&#8243; _module_preset=&#8221;default&#8221;][\/et_pb_divider][\/et_pb_column][\/et_pb_row][et_pb_row _builder_version=&#8221;4.9.4&#8243; _module_preset=&#8221;default&#8221;][et_pb_column type=&#8221;4_4&#8243; _builder_version=&#8221;4.9.4&#8243; _module_preset=&#8221;default&#8221;][et_pb_divider _builder_version=&#8221;4.9.4&#8243; _module_preset=&#8221;default&#8221;][\/et_pb_divider][\/et_pb_column][\/et_pb_row][\/et_pb_section][et_pb_section fb_built=&#8221;1&#8243; _builder_version=&#8221;4.9.4&#8243; _module_preset=&#8221;default&#8221; use_background_color_gradient=&#8221;on&#8221; background_color_gradient_start=&#8221;rgba(52,155,173,0.83)&#8221; background_color_gradient_end=&#8221;rgba(20,20,20,0.88)&#8221; background_color_gradient_start_position=&#8221;48%&#8221; width=&#8221;100%&#8221; min_height=&#8221;552px&#8221; height=&#8221;607px&#8221; custom_margin=&#8221;-81px||||false|false&#8221; top_divider_style=&#8221;arrow2&#8243; top_divider_color=&#8221;#FFFFFF&#8221; top_divider_height=&#8221;29px&#8221;][et_pb_row _builder_version=&#8221;4.9.4&#8243; _module_preset=&#8221;default&#8221;][et_pb_column type=&#8221;4_4&#8243; _builder_version=&#8221;4.9.4&#8243; _module_preset=&#8221;default&#8221;][et_pb_text _builder_version=&#8221;4.9.4&#8243; _module_preset=&#8221;default&#8221; text_font=&#8221;Anton||||||||&#8221; text_text_color=&#8221;#FFFFFF&#8221; text_font_size=&#8221;32px&#8221; text_text_shadow_style=&#8221;preset1&#8243;]<\/p>\n<p style=\"text-align: center;\"><em>RESERVA TU CITA<\/em><\/p>\n<p>[\/et_pb_text][et_pb_contact_form captcha=&#8221;off&#8221; email=&#8221;centroortopedicovasco@gmail.com&#8221; success_message=&#8221;\u00a1Gracias! Te responderemos cuanto antes.&#8221; _builder_version=&#8221;4.9.4&#8243; _module_preset=&#8221;default&#8221; form_field_background_color=&#8221;#FFFFFF&#8221; form_field_text_color=&#8221;rgba(52,155,173,0.83)&#8221; form_field_focus_background_color=&#8221;#FFFFFF&#8221; form_field_focus_text_color=&#8221;#000000&#8243; form_field_font=&#8221;Bebas Neue||||||||&#8221; form_field_font_size=&#8221;19px&#8221; custom_button=&#8221;on&#8221; button_text_color=&#8221;#FFFFFF&#8221; button_border_width=&#8221;2px&#8221; button_border_radius=&#8221;0px&#8221; button_letter_spacing=&#8221;2px&#8221; button_font=&#8221;Bebas Neue||||||||&#8221; button_icon=&#8221;%%40%%&#8221; custom_margin=&#8221;13px||||false|false&#8221;][et_pb_contact_field field_id=&#8221;Nombre&#8221; field_title=&#8221;Nombre&#8221; _builder_version=&#8221;4.9.4&#8243; form_field_background_color=&#8221;#FFFFFF&#8221; form_field_text_color=&#8221;rgba(52,155,173,0.83)&#8221; form_field_focus_text_color=&#8221;#000000&#8243; border_width_left=&#8221;14px&#8221; border_color_left=&#8221;#0C71C3&#8243; button_text_size__hover_enabled=&#8221;off&#8221; button_one_text_size__hover_enabled=&#8221;off&#8221; button_two_text_size__hover_enabled=&#8221;off&#8221; button_text_color__hover_enabled=&#8221;off&#8221; button_one_text_color__hover_enabled=&#8221;off&#8221; button_two_text_color__hover_enabled=&#8221;off&#8221; button_border_width__hover_enabled=&#8221;off&#8221; button_one_border_width__hover_enabled=&#8221;off&#8221; button_two_border_width__hover_enabled=&#8221;off&#8221; button_border_color__hover_enabled=&#8221;off&#8221; button_one_border_color__hover_enabled=&#8221;off&#8221; button_two_border_color__hover_enabled=&#8221;off&#8221; button_border_radius__hover_enabled=&#8221;off&#8221; button_one_border_radius__hover_enabled=&#8221;off&#8221; button_two_border_radius__hover_enabled=&#8221;off&#8221; button_letter_spacing__hover_enabled=&#8221;off&#8221; button_one_letter_spacing__hover_enabled=&#8221;off&#8221; button_two_letter_spacing__hover_enabled=&#8221;off&#8221; button_bg_color__hover_enabled=&#8221;off&#8221; button_one_bg_color__hover_enabled=&#8221;off&#8221; button_two_bg_color__hover_enabled=&#8221;off&#8221;][\/et_pb_contact_field][et_pb_contact_field field_id=&#8221;Email&#8221; field_title=&#8221;Direcci\u00f3n de correo electr\u00f3nico&#8221; field_type=&#8221;email&#8221; _builder_version=&#8221;4.9.4&#8243; border_width_left=&#8221;13px&#8221; border_color_left=&#8221;#0C71C3&#8243; button_text_size__hover_enabled=&#8221;off&#8221; button_one_text_size__hover_enabled=&#8221;off&#8221; button_two_text_size__hover_enabled=&#8221;off&#8221; button_text_color__hover_enabled=&#8221;off&#8221; button_one_text_color__hover_enabled=&#8221;off&#8221; button_two_text_color__hover_enabled=&#8221;off&#8221; button_border_width__hover_enabled=&#8221;off&#8221; button_one_border_width__hover_enabled=&#8221;off&#8221; button_two_border_width__hover_enabled=&#8221;off&#8221; button_border_color__hover_enabled=&#8221;off&#8221; button_one_border_color__hover_enabled=&#8221;off&#8221; button_two_border_color__hover_enabled=&#8221;off&#8221; button_border_radius__hover_enabled=&#8221;off&#8221; button_one_border_radius__hover_enabled=&#8221;off&#8221; button_two_border_radius__hover_enabled=&#8221;off&#8221; button_letter_spacing__hover_enabled=&#8221;off&#8221; button_one_letter_spacing__hover_enabled=&#8221;off&#8221; button_two_letter_spacing__hover_enabled=&#8221;off&#8221; button_bg_color__hover_enabled=&#8221;off&#8221; button_one_bg_color__hover_enabled=&#8221;off&#8221; button_two_bg_color__hover_enabled=&#8221;off&#8221;][\/et_pb_contact_field][et_pb_contact_field field_id=&#8221;N\u00famero_de_contacto&#8221; field_title=&#8221;N\u00famero de contacto&#8221; _builder_version=&#8221;4.9.4&#8243; border_width_left=&#8221;13px&#8221; border_color_left=&#8221;#0C71C3&#8243; button_text_size__hover_enabled=&#8221;off&#8221; button_one_text_size__hover_enabled=&#8221;off&#8221; button_two_text_size__hover_enabled=&#8221;off&#8221; button_text_color__hover_enabled=&#8221;off&#8221; button_one_text_color__hover_enabled=&#8221;off&#8221; button_two_text_color__hover_enabled=&#8221;off&#8221; button_border_width__hover_enabled=&#8221;off&#8221; button_one_border_width__hover_enabled=&#8221;off&#8221; button_two_border_width__hover_enabled=&#8221;off&#8221; button_border_color__hover_enabled=&#8221;off&#8221; button_one_border_color__hover_enabled=&#8221;off&#8221; button_two_border_color__hover_enabled=&#8221;off&#8221; button_border_radius__hover_enabled=&#8221;off&#8221; button_one_border_radius__hover_enabled=&#8221;off&#8221; button_two_border_radius__hover_enabled=&#8221;off&#8221; button_letter_spacing__hover_enabled=&#8221;off&#8221; button_one_letter_spacing__hover_enabled=&#8221;off&#8221; button_two_letter_spacing__hover_enabled=&#8221;off&#8221; button_bg_color__hover_enabled=&#8221;off&#8221; button_one_bg_color__hover_enabled=&#8221;off&#8221; button_two_bg_color__hover_enabled=&#8221;off&#8221;][\/et_pb_contact_field][et_pb_contact_field field_id=&#8221;Mensaje&#8221; field_title=&#8221;D\u00e9janos TU SOLICITUD Y UNA FECHA TENTATIVA PARA LA ATENCI\u00d3N&#8221; field_type=&#8221;text&#8221; fullwidth_field=&#8221;on&#8221; _builder_version=&#8221;4.9.4&#8243; button_text_size__hover_enabled=&#8221;off&#8221; button_one_text_size__hover_enabled=&#8221;off&#8221; button_two_text_size__hover_enabled=&#8221;off&#8221; button_text_color__hover_enabled=&#8221;off&#8221; button_one_text_color__hover_enabled=&#8221;off&#8221; button_two_text_color__hover_enabled=&#8221;off&#8221; button_border_width__hover_enabled=&#8221;off&#8221; button_one_border_width__hover_enabled=&#8221;off&#8221; button_two_border_width__hover_enabled=&#8221;off&#8221; button_border_color__hover_enabled=&#8221;off&#8221; button_one_border_color__hover_enabled=&#8221;off&#8221; button_two_border_color__hover_enabled=&#8221;off&#8221; button_border_radius__hover_enabled=&#8221;off&#8221; button_one_border_radius__hover_enabled=&#8221;off&#8221; button_two_border_radius__hover_enabled=&#8221;off&#8221; button_letter_spacing__hover_enabled=&#8221;off&#8221; button_one_letter_spacing__hover_enabled=&#8221;off&#8221; button_two_letter_spacing__hover_enabled=&#8221;off&#8221; button_bg_color__hover_enabled=&#8221;off&#8221; button_one_bg_color__hover_enabled=&#8221;off&#8221; button_two_bg_color__hover_enabled=&#8221;off&#8221;][\/et_pb_contact_field][\/et_pb_contact_form][\/et_pb_column][\/et_pb_row][\/et_pb_section][et_pb_section fb_built=&#8221;1&#8243; next_background_color=&#8221;#ffffff&#8221; _builder_version=&#8221;4.9.4&#8243; _module_preset=&#8221;default&#8221; background_color=&#8221;rgba(20,20,20,0.88)&#8221; bottom_divider_style=&#8221;ramp2&#8243; bottom_divider_height=&#8221;145px&#8221;][et_pb_row _builder_version=&#8221;4.9.4&#8243; _module_preset=&#8221;default&#8221; width=&#8221;83%&#8221; max_width=&#8221;2100px&#8221; custom_margin=&#8221;3px||||false|false&#8221;][et_pb_column type=&#8221;4_4&#8243; _builder_version=&#8221;4.9.4&#8243; _module_preset=&#8221;default&#8221;][et_pb_image src=&#8221;https:\/\/centrortopedicovasco.com\/wp-content\/uploads\/2022\/07\/CONTACTANOS-3.png&#8221; title_text=&#8221;CONT\u00c1CTANOS (3)&#8221; url=&#8221;https:\/\/api.whatsapp.com\/send?phone=573113224191&#038;text=%C2%A1Hola!%20Necesito%20reservar%20una%20cita.&#8221; url_new_window=&#8221;on&#8221; disabled_on=&#8221;on|on|off&#8221; _builder_version=&#8221;4.9.4&#8243; _module_preset=&#8221;default&#8221; max_width=&#8221;64%&#8221; module_alignment=&#8221;center&#8221; min_height=&#8221;607px&#8221; height=&#8221;193px&#8221; custom_margin=&#8221;-200px||||false|false&#8221;][\/et_pb_image][et_pb_image src=&#8221;https:\/\/centrortopedicovasco.com\/wp-content\/uploads\/2022\/07\/CONTACTANOS-3.png&#8221; title_text=&#8221;CONT\u00c1CTANOS (3)&#8221; url=&#8221;https:\/\/api.whatsapp.com\/send?phone=573113224191&#038;text=%C2%A1Hola!%20Necesito%20reservar%20una%20cita.&#8221; url_new_window=&#8221;on&#8221; disabled_on=&#8221;off|off|on&#8221; _builder_version=&#8221;4.9.4&#8243; _module_preset=&#8221;default&#8221; width=&#8221;100%&#8221; custom_margin=&#8221;-159px||||false|false&#8221;][\/et_pb_image][et_pb_button button_url=&#8221;https:\/\/centrortopedicovasco.com\/index.php\/noticias\/&#8221; button_text=&#8221;NOTICIAS&#8221; _builder_version=&#8221;4.9.4&#8243; _module_preset=&#8221;default&#8221; custom_button=&#8221;on&#8221; button_text_color=&#8221;#FFFFFF&#8221; background_layout=&#8221;dark&#8221; custom_margin=&#8221;-50px||||false|false&#8221;][\/et_pb_button][et_pb_social_media_follow _builder_version=&#8221;4.9.4&#8243; _module_preset=&#8221;default&#8221;][et_pb_social_media_follow_network social_network=&#8221;facebook&#8221; url=&#8221;https:\/\/www.facebook.com\/centroortopedicovasco\/&#8221; _builder_version=&#8221;4.9.4&#8243; _module_preset=&#8221;default&#8221; background_color=&#8221;#3b5998&#8243; follow_button=&#8221;off&#8221; url_new_window=&#8221;on&#8221;]facebook[\/et_pb_social_media_follow_network][et_pb_social_media_follow_network social_network=&#8221;instagram&#8221; url=&#8221;https:\/\/www.instagram.com\/centroortopedicovasco\/?hl=es&#8221; _builder_version=&#8221;4.9.4&#8243; _module_preset=&#8221;default&#8221; background_color=&#8221;#ea2c59&#8243; follow_button=&#8221;off&#8221; url_new_window=&#8221;on&#8221;]instagram[\/et_pb_social_media_follow_network][\/et_pb_social_media_follow][et_pb_divider color=&#8221;#0C71C3&#8243; _builder_version=&#8221;4.9.4&#8243; _module_preset=&#8221;default&#8221; custom_margin=&#8221;-15px||||false|false&#8221;][\/et_pb_divider][et_pb_text _builder_version=&#8221;4.9.4&#8243; _module_preset=&#8221;default&#8221; text_font=&#8221;Bebas Neue||||||||&#8221; text_text_color=&#8221;#FFFFFF&#8221; text_font_size=&#8221;15px&#8221; custom_margin=&#8221;-46px||||false|false&#8221; inline_fonts=&#8221;Bebas Neue&#8221;]<\/p>\n<ol>\n<li style=\"list-style-type: none;\">\n<ul>\n<li style=\"text-align: justify;\"><span style=\"font-size: medium;\"><em><span style=\"color: #ffffff; font-family: 'Bebas Neue'; font-weight: normal;\"><a href=\"mailto:CENTROORTOPEDICOVASCO@GMAIL.COM\" style=\"color: #ffffff;\">CENTROORTOPEDICOVASCO@GMAIL.COM<\/a><\/span><\/em><\/span><\/li>\n<li style=\"text-align: justify;\"><span style=\"font-size: medium;\"><em><span style=\"font-family: 'Bebas Neue'; font-weight: normal;\">TEL: 8904747 &#8211; 3113224191<\/span><\/em><\/span><\/li>\n<li style=\"text-align: justify;\"><span style=\"font-size: medium;\"><em><span style=\"font-family: 'Bebas Neue'; font-weight: normal;\">Ed. Portal del Cable, CLL 64A #21-50 Consultorio 401, Manizales, Caldas.&nbsp;<\/span><\/em><\/span><\/li>\n<\/ul>\n<\/li>\n<\/ol>\n<p>\u00a9 Copyright 2021| Todos los derechos reservados.<span><\/span><\/p>\n<p><span><\/span><\/p>\n<p><span><\/span><\/p>\n<p>&nbsp;[\/et_pb_text][\/et_pb_column][\/et_pb_row][\/et_pb_section]<\/p>\n","protected":false},"excerpt":{"rendered":"<p>[et_pb_section fb_built=&#8221;1&#8243; _builder_version=&#8221;4.9.4&#8243; _module_preset=&#8221;default&#8221;][et_pb_row _builder_version=&#8221;4.9.4&#8243; _module_preset=&#8221;default&#8221;][et_pb_column type=&#8221;4_4&#8243; _builder_version=&#8221;4.9.4&#8243; _module_preset=&#8221;default&#8221;][et_pb_menu active_link_color=&#8221;#000000&#8243; show_search_icon=&#8221;on&#8221; _builder_version=&#8221;4.9.4&#8243; _module_preset=&#8221;default&#8221; menu_font=&#8221;Anton||||||||&#8221; menu_text_color=&#8221;#000000&#8243; menu_font_size=&#8221;18px&#8221;][\/et_pb_menu][\/et_pb_column][\/et_pb_row][\/et_pb_section][et_pb_section fb_built=&#8221;1&#8243; disabled_on=&#8221;off|off|on&#8221; _builder_version=&#8221;4.9.4&#8243; _module_preset=&#8221;default&#8221; background_image=&#8221;https:\/\/centrortopedicovasco.com\/wp-content\/uploads\/2022\/07\/Copia-de-Sin-titulo-6.png&#8221; width=&#8221;100%&#8221; module_alignment=&#8221;center&#8221; min_height=&#8221;100px&#8221; height=&#8221;170px&#8221; custom_margin=&#8221;-50px||||false|false&#8221;][\/et_pb_section][et_pb_section fb_built=&#8221;1&#8243; disabled_on=&#8221;on|on|off&#8221; _builder_version=&#8221;4.9.4&#8243; _module_preset=&#8221;default&#8221; background_image=&#8221;https:\/\/centrortopedicovasco.com\/wp-content\/uploads\/2022\/07\/Copia-de-Sin-titulo-6.png&#8221; width=&#8221;61%&#8221; max_width=&#8221;41%&#8221; module_alignment=&#8221;center&#8221; min_height=&#8221;220px&#8221;][et_pb_row _builder_version=&#8221;4.9.4&#8243; _module_preset=&#8221;default&#8221;][et_pb_column type=&#8221;4_4&#8243; _builder_version=&#8221;4.9.4&#8243; _module_preset=&#8221;default&#8221;][\/et_pb_column][\/et_pb_row][\/et_pb_section][et_pb_section fb_built=&#8221;1&#8243; prev_background_color=&#8221;#ffffff&#8221; _builder_version=&#8221;4.9.4&#8243; _module_preset=&#8221;default&#8221; use_background_color_gradient=&#8221;on&#8221; background_color_gradient_start=&#8221;rgba(102,160,173,0.66)&#8221; background_color_gradient_end=&#8221;rgba(52,155,173,0.83)&#8221; background_color_gradient_start_position=&#8221;77%&#8221; top_divider_style=&#8221;curve2&#8243; top_divider_height=&#8221;77px&#8221; hover_enabled=&#8221;0&#8243; sticky_enabled=&#8221;0&#8243;][et_pb_row _builder_version=&#8221;4.9.4&#8243; _module_preset=&#8221;default&#8221; width=&#8221;87%&#8221; [&hellip;]<\/p>\n","protected":false},"author":1,"featured_media":0,"parent":0,"menu_order":0,"comment_status":"closed","ping_status":"closed","template":"page-template-blank.php","meta":{"_et_pb_use_builder":"on","_et_pb_old_content":"","_et_gb_content_width":"","footnotes":""},"class_list":["post-6","page","type-page","status-publish","hentry"],"aioseo_notices":[],"_links":{"self":[{"href":"https:\/\/centrortopedicovasco.com\/index.php\/wp-json\/wp\/v2\/pages\/6","targetHints":{"allow":["GET"]}}],"collection":[{"href":"https:\/\/centrortopedicovasco.com\/index.php\/wp-json\/wp\/v2\/pages"}],"about":[{"href":"https:\/\/centrortopedicovasco.com\/index.php\/wp-json\/wp\/v2\/types\/page"}],"author":[{"embeddable":true,"href":"https:\/\/centrortopedicovasco.com\/index.php\/wp-json\/wp\/v2\/users\/1"}],"replies":[{"embeddable":true,"href":"https:\/\/centrortopedicovasco.com\/index.php\/wp-json\/wp\/v2\/comments?post=6"}],"version-history":[{"count":10,"href":"https:\/\/centrortopedicovasco.com\/index.php\/wp-json\/wp\/v2\/pages\/6\/revisions"}],"predecessor-version":[{"id":186,"href":"https:\/\/centrortopedicovasco.com\/index.php\/wp-json\/wp\/v2\/pages\/6\/revisions\/186"}],"wp:attachment":[{"href":"https:\/\/centrortopedicovasco.com\/index.php\/wp-json\/wp\/v2\/media?parent=6"}],"curies":[{"name":"wp","href":"https:\/\/api.w.org\/{rel}","templated":true}]}}