{"id":24,"date":"2022-07-18T02:04:34","date_gmt":"2022-07-18T02:04:34","guid":{"rendered":"https:\/\/centrortopedicovasco.com\/?page_id=24"},"modified":"2022-11-16T21:42:18","modified_gmt":"2022-11-16T21:42:18","slug":"nosotros","status":"publish","type":"page","link":"https:\/\/centrortopedicovasco.com\/index.php\/nosotros\/","title":{"rendered":"NOSOTROS"},"content":{"rendered":"<p>[et_pb_section fb_built=&#8221;1&#8243; _builder_version=&#8221;4.9.4&#8243; _module_preset=&#8221;default&#8221;][et_pb_row _builder_version=&#8221;4.9.4&#8243; _module_preset=&#8221;default&#8221;][et_pb_column type=&#8221;4_4&#8243; _builder_version=&#8221;4.9.4&#8243; _module_preset=&#8221;default&#8221;][et_pb_menu active_link_color=&#8221;#000000&#8243; show_search_icon=&#8221;on&#8221; _builder_version=&#8221;4.9.4&#8243; _module_preset=&#8221;default&#8221; menu_font=&#8221;Anton||||||||&#8221; menu_text_color=&#8221;#000000&#8243; menu_font_size=&#8221;18px&#8221;][\/et_pb_menu][\/et_pb_column][\/et_pb_row][\/et_pb_section][et_pb_section fb_built=&#8221;1&#8243; disabled_on=&#8221;off|off|on&#8221; _builder_version=&#8221;4.9.4&#8243; _module_preset=&#8221;default&#8221; background_image=&#8221;https:\/\/centrortopedicovasco.com\/wp-content\/uploads\/2022\/07\/Copia-de-Sin-titulo-6.png&#8221; width=&#8221;100%&#8221; module_alignment=&#8221;center&#8221; min_height=&#8221;100px&#8221; height=&#8221;170px&#8221; custom_margin=&#8221;-50px||||false|false&#8221;][\/et_pb_section][et_pb_section fb_built=&#8221;1&#8243; disabled_on=&#8221;on|on|off&#8221; _builder_version=&#8221;4.9.4&#8243; _module_preset=&#8221;default&#8221; background_image=&#8221;https:\/\/centrortopedicovasco.com\/wp-content\/uploads\/2022\/07\/Copia-de-Sin-titulo-6.png&#8221; max_width=&#8221;64%&#8221; module_alignment=&#8221;center&#8221; min_height=&#8221;220px&#8221;][et_pb_row _builder_version=&#8221;4.9.4&#8243; _module_preset=&#8221;default&#8221;][et_pb_column type=&#8221;4_4&#8243; _builder_version=&#8221;4.9.4&#8243; _module_preset=&#8221;default&#8221;][\/et_pb_column][\/et_pb_row][\/et_pb_section][et_pb_section fb_built=&#8221;1&#8243; prev_background_color=&#8221;#ffffff&#8221; _builder_version=&#8221;4.9.4&#8243; _module_preset=&#8221;default&#8221; use_background_color_gradient=&#8221;on&#8221; background_color_gradient_start=&#8221;rgba(128,165,173,0.66)&#8221; background_color_gradient_end=&#8221;rgba(52,155,173,0.83)&#8221; background_color_gradient_start_position=&#8221;77%&#8221; top_divider_style=&#8221;curve2&#8243; top_divider_height=&#8221;77px&#8221;][et_pb_row _builder_version=&#8221;4.9.4&#8243; _module_preset=&#8221;default&#8221; width=&#8221;87%&#8221; custom_margin=&#8221;39px||||false|false&#8221;][et_pb_column type=&#8221;4_4&#8243; _builder_version=&#8221;4.9.4&#8243; _module_preset=&#8221;default&#8221;][et_pb_text _builder_version=&#8221;4.9.4&#8243; _module_preset=&#8221;default&#8221; text_font=&#8221;Anton||on||||||&#8221; text_text_color=&#8221;#008dad&#8221; text_font_size=&#8221;39px&#8221; text_letter_spacing=&#8221;1px&#8221; text_line_height=&#8221;1em&#8221; custom_margin=&#8221;32px||||false|false&#8221; animation_style=&#8221;bounce&#8221; text_text_shadow_style=&#8221;preset1&#8243; text_text_shadow_color=&#8221;#FFFFFF&#8221;]<\/p>\n<p style=\"text-align: center;\">\u00bfQUI\u00c9NES SOMOS?<\/p>\n<p>[\/et_pb_text][et_pb_slider _builder_version=&#8221;4.9.4&#8243; _module_preset=&#8221;default&#8221; header_font=&#8221;Anton||||||||&#8221; header_text_color=&#8221;#0C71C3&#8243; header_font_size=&#8221;49px&#8221; body_font=&#8221;Roboto||||||||&#8221; body_font_size=&#8221;13px&#8221; body_line_height=&#8221;3em&#8221; use_background_color_gradient=&#8221;on&#8221; background_color_gradient_start=&#8221;#ffffff&#8221; background_color_gradient_end=&#8221;#0c71c3&#8243; background_color_gradient_end_position=&#8221;84%&#8221; custom_button=&#8221;on&#8221; button_font=&#8221;|600|||||||&#8221; custom_margin=&#8221;55px||||false|false&#8221; box_shadow_style=&#8221;preset2&#8243; box_shadow_color=&#8221;#FFFFFF&#8221;][et_pb_slide heading=&#8221;NUESTRO EQUIPO \u2192                                                                 &#8221; _builder_version=&#8221;4.9.4&#8243; _module_preset=&#8221;default&#8221; header_level=&#8221;h4&#8243; header_font=&#8221;Bebas Neue||||||||&#8221; header_text_color=&#8221;#349bad&#8221; header_font_size=&#8221;37px&#8221; header_line_height=&#8221;2.7em&#8221; body_font=&#8221;Roboto|500|||||||&#8221; body_text_align=&#8221;left&#8221; body_text_color=&#8221;#000000&#8243; body_font_size=&#8221;12px&#8221; background_image=&#8221;https:\/\/centrortopedicovasco.com\/wp-content\/uploads\/2022\/07\/147373294_3734949959946569_3408781983083816965_n.jpg&#8221; background_enable_image=&#8221;on&#8221; background_repeat=&#8221;space&#8221; custom_button=&#8221;on&#8221; button_text_size=&#8221;22px&#8221; button_text_color=&#8221;#000000&#8243; button_font=&#8221;||||||||&#8221; button_use_icon=&#8221;on&#8221; button_icon=&#8221;%%3%%&#8221; background_layout=&#8221;light&#8221; box_shadow_style_image=&#8221;preset4&#8243; box_shadow_color_image=&#8221;#919191&#8243; text_shadow_style=&#8221;preset4&#8243; text_shadow_color=&#8221;#000000&#8243; sticky_transition=&#8221;on&#8221;][\/et_pb_slide][et_pb_slide heading=&#8221;NUESTRA MISI\u00d3N&#8221; _builder_version=&#8221;4.9.4&#8243; _module_preset=&#8221;default&#8221; header_level=&#8221;h1&#8243; header_font=&#8221;Bebas Neue||||||||&#8221; header_text_color=&#8221;#006ac1&#8243; header_font_size=&#8221;37px&#8221; body_font=&#8221;Roboto|500|||||||&#8221; body_text_color=&#8221;#ffffff&#8221; body_font_size=&#8221;14.5px&#8221; sticky_transition=&#8221;on&#8221;]<\/p>\n<p style=\"text-align: justify;\">Como Centro Ortop\u00e9dico Vasco, nuestra misi\u00f3n es traer a todos los Manizale\u00f1os los m\u00e1s altos est\u00e1ndares en la atenci\u00f3n de todo lo relacionado con ortopedia, ortopedia deportiva, acompa\u00f1amiento y preparaci\u00f3n deportiva; as\u00ed como el acceso a tecnolog\u00eda de \u00e9lite, que garantiza el tratamiento m\u00e1s completo posible.<\/p>\n<p>[\/et_pb_slide][\/et_pb_slider][et_pb_number_counter title=&#8221;Calidad humana&#8221; number=&#8221;100&#8243; _builder_version=&#8221;4.9.4&#8243; _module_preset=&#8221;default&#8221; title_font=&#8221;Bebas Neue||||||||&#8221; title_font_size=&#8221;22px&#8221; number_font=&#8221;Bebas Neue||||||||&#8221; number_text_color=&#8221;#349bad&#8221; number_letter_spacing=&#8221;2px&#8221; hover_enabled=&#8221;0&#8243; number_text_shadow_style=&#8221;preset4&#8243; number_text_shadow_color=&#8221;#FFFFFF&#8221; custom_margin=&#8221;2px||||false|false&#8221; custom_padding=&#8221;16px||||false|false&#8221; sticky_enabled=&#8221;0&#8243;][\/et_pb_number_counter][\/et_pb_column][\/et_pb_row][et_pb_row _builder_version=&#8221;4.9.4&#8243; _module_preset=&#8221;default&#8221; width=&#8221;84%&#8221; custom_margin=&#8221;-22px||||false|false&#8221;][et_pb_column type=&#8221;4_4&#8243; _builder_version=&#8221;4.9.4&#8243; _module_preset=&#8221;default&#8221;][et_pb_divider color=&#8221;#FFFFFF&#8221; _builder_version=&#8221;4.9.4&#8243; _module_preset=&#8221;default&#8221;][\/et_pb_divider][et_pb_text _builder_version=&#8221;4.9.4&#8243; _module_preset=&#8221;default&#8221; text_font=&#8221;Anton||on||||||&#8221; text_text_color=&#8221;#FFFFFF&#8221; text_font_size=&#8221;31px&#8221; custom_margin=&#8221;23px||||false|false&#8221; text_text_shadow_style=&#8221;preset4&#8243; text_text_shadow_horizontal_length=&#8221;0.11em&#8221; text_text_shadow_color=&#8221;rgba(52,155,173,0.83)&#8221;]<\/p>\n<p style=\"text-align: center;\">NUESTRO OBJETO SOCIAL<\/p>\n<p>[\/et_pb_text][et_pb_text _builder_version=&#8221;4.9.4&#8243; _module_preset=&#8221;default&#8221; text_font=&#8221;Roboto Condensed||||||||&#8221; text_text_color=&#8221;#000000&#8243; text_font_size=&#8221;24px&#8221; custom_margin=&#8221;23px||||false|false&#8221;]&nbsp;<\/p>\n<p>La sociedad se propone como objeto social principal el desarrollo de las siguientes actividades:<\/p>\n<p>1. Prestar los servicios de consulta externa de medicina especializada<br \/>\nen ortopedia.<\/p>\n<p>2. Atender servicios de consulta externa de medicina general.<\/p>\n<p>3. Servicios de<br \/>\nconsulta externa de enfermer\u00eda<\/p>\n<p>4. La prestaci\u00f3n de todo tipo de actividades terap\u00e9uticas<br \/>\nrelacionadas o asociadas con la ortopedia<\/p>\n<p>5. La prestaci\u00f3n de servicios m\u00e9dicos y<br \/>\nactividades anexas y complementarias a particulares, IPS, EPS, compa\u00f1\u00edas aseguradoras y cualquier otra empresa relacionada con el sector p\u00fablico y privado de la salud.<\/p>\n<p>6. La prestaci\u00f3n de servicios m\u00e9dicos, consultas, tratamientos, terapias y dem\u00e1s actividades<br \/>\nque comprendan las distintas especialidades de la medicina.<\/p>\n<p>7. Constituir, administrar<br \/>\ny dirigir cl\u00ednicas, centros de diagn\u00f3stico y unidades de tratamiento.<\/p>\n<p>8. La realizaci\u00f3n de cualquier actividad l\u00edcita de comercio.[\/et_pb_text][\/et_pb_column][\/et_pb_row][et_pb_row _builder_version=&#8221;4.9.4&#8243; _module_preset=&#8221;default&#8221;][et_pb_column type=&#8221;4_4&#8243; _builder_version=&#8221;4.9.4&#8243; _module_preset=&#8221;default&#8221;][et_pb_divider _builder_version=&#8221;4.9.4&#8243; _module_preset=&#8221;default&#8221;][\/et_pb_divider][\/et_pb_column][\/et_pb_row][\/et_pb_section][et_pb_section fb_built=&#8221;1&#8243; _builder_version=&#8221;4.9.4&#8243; _module_preset=&#8221;default&#8221; use_background_color_gradient=&#8221;on&#8221; background_color_gradient_start=&#8221;rgba(52,155,173,0.83)&#8221; background_color_gradient_end=&#8221;rgba(20,20,20,0.88)&#8221; background_color_gradient_start_position=&#8221;48%&#8221; width=&#8221;100%&#8221; min_height=&#8221;552px&#8221; height=&#8221;607px&#8221; custom_margin=&#8221;-81px||||false|false&#8221; top_divider_style=&#8221;arrow2&#8243; top_divider_color=&#8221;#FFFFFF&#8221; top_divider_height=&#8221;29px&#8221;][et_pb_row _builder_version=&#8221;4.9.4&#8243; _module_preset=&#8221;default&#8221;][et_pb_column type=&#8221;4_4&#8243; _builder_version=&#8221;4.9.4&#8243; _module_preset=&#8221;default&#8221;][et_pb_text _builder_version=&#8221;4.9.4&#8243; _module_preset=&#8221;default&#8221; text_font=&#8221;Anton||||||||&#8221; text_text_color=&#8221;#FFFFFF&#8221; text_font_size=&#8221;32px&#8221; text_text_shadow_style=&#8221;preset1&#8243;]<\/p>\n<p style=\"text-align: center;\"><em>\u00a1ESCR\u00cdBENOS!<\/em><\/p>\n<p>[\/et_pb_text][et_pb_contact_form captcha=&#8221;off&#8221; email=&#8221;centroortopedicovasco@gmail.com&#8221; success_message=&#8221;\u00a1Gracias! Te responderemos cuanto antes.&#8221; _builder_version=&#8221;4.9.4&#8243; _module_preset=&#8221;default&#8221; form_field_background_color=&#8221;#FFFFFF&#8221; form_field_text_color=&#8221;rgba(52,155,173,0.83)&#8221; form_field_focus_background_color=&#8221;#000000&#8243; form_field_focus_text_color=&#8221;#000000&#8243; form_field_font=&#8221;Bebas Neue||||||||&#8221; form_field_font_size=&#8221;19px&#8221; custom_button=&#8221;on&#8221; button_text_color=&#8221;#FFFFFF&#8221; button_border_width=&#8221;2px&#8221; button_border_radius=&#8221;0px&#8221; button_letter_spacing=&#8221;2px&#8221; button_font=&#8221;Bebas Neue||||||||&#8221; button_icon=&#8221;%%40%%&#8221; custom_margin=&#8221;13px||||false|false&#8221; hover_enabled=&#8221;0&#8243; sticky_enabled=&#8221;0&#8243;][et_pb_contact_field field_id=&#8221;Nombre&#8221; field_title=&#8221;Nombre&#8221; _builder_version=&#8221;4.9.4&#8243; form_field_background_color=&#8221;#FFFFFF&#8221; form_field_text_color=&#8221;rgba(52,155,173,0.83)&#8221; form_field_focus_text_color=&#8221;#FFFFFF&#8221; border_width_left=&#8221;14px&#8221; border_color_left=&#8221;#0C71C3&#8243; button_text_size__hover_enabled=&#8221;off&#8221; button_one_text_size__hover_enabled=&#8221;off&#8221; button_two_text_size__hover_enabled=&#8221;off&#8221; button_text_color__hover_enabled=&#8221;off&#8221; button_one_text_color__hover_enabled=&#8221;off&#8221; button_two_text_color__hover_enabled=&#8221;off&#8221; button_border_width__hover_enabled=&#8221;off&#8221; button_one_border_width__hover_enabled=&#8221;off&#8221; button_two_border_width__hover_enabled=&#8221;off&#8221; button_border_color__hover_enabled=&#8221;off&#8221; button_one_border_color__hover_enabled=&#8221;off&#8221; button_two_border_color__hover_enabled=&#8221;off&#8221; button_border_radius__hover_enabled=&#8221;off&#8221; button_one_border_radius__hover_enabled=&#8221;off&#8221; button_two_border_radius__hover_enabled=&#8221;off&#8221; button_letter_spacing__hover_enabled=&#8221;off&#8221; button_one_letter_spacing__hover_enabled=&#8221;off&#8221; button_two_letter_spacing__hover_enabled=&#8221;off&#8221; button_bg_color__hover_enabled=&#8221;off&#8221; button_one_bg_color__hover_enabled=&#8221;off&#8221; button_two_bg_color__hover_enabled=&#8221;off&#8221;][\/et_pb_contact_field][et_pb_contact_field field_id=&#8221;Email&#8221; field_title=&#8221;Direcci\u00f3n de correo electr\u00f3nico&#8221; field_type=&#8221;email&#8221; _builder_version=&#8221;4.9.4&#8243; border_width_left=&#8221;13px&#8221; border_color_left=&#8221;#0C71C3&#8243; button_text_size__hover_enabled=&#8221;off&#8221; button_one_text_size__hover_enabled=&#8221;off&#8221; button_two_text_size__hover_enabled=&#8221;off&#8221; button_text_color__hover_enabled=&#8221;off&#8221; button_one_text_color__hover_enabled=&#8221;off&#8221; button_two_text_color__hover_enabled=&#8221;off&#8221; button_border_width__hover_enabled=&#8221;off&#8221; button_one_border_width__hover_enabled=&#8221;off&#8221; button_two_border_width__hover_enabled=&#8221;off&#8221; button_border_color__hover_enabled=&#8221;off&#8221; button_one_border_color__hover_enabled=&#8221;off&#8221; button_two_border_color__hover_enabled=&#8221;off&#8221; button_border_radius__hover_enabled=&#8221;off&#8221; button_one_border_radius__hover_enabled=&#8221;off&#8221; button_two_border_radius__hover_enabled=&#8221;off&#8221; button_letter_spacing__hover_enabled=&#8221;off&#8221; button_one_letter_spacing__hover_enabled=&#8221;off&#8221; button_two_letter_spacing__hover_enabled=&#8221;off&#8221; button_bg_color__hover_enabled=&#8221;off&#8221; button_one_bg_color__hover_enabled=&#8221;off&#8221; button_two_bg_color__hover_enabled=&#8221;off&#8221;][\/et_pb_contact_field][et_pb_contact_field field_id=&#8221;N\u00famero_de_contacto&#8221; field_title=&#8221;N\u00famero de contacto&#8221; _builder_version=&#8221;4.9.4&#8243; border_width_left=&#8221;13px&#8221; border_color_left=&#8221;#0C71C3&#8243; button_text_size__hover_enabled=&#8221;off&#8221; button_one_text_size__hover_enabled=&#8221;off&#8221; button_two_text_size__hover_enabled=&#8221;off&#8221; button_text_color__hover_enabled=&#8221;off&#8221; button_one_text_color__hover_enabled=&#8221;off&#8221; button_two_text_color__hover_enabled=&#8221;off&#8221; button_border_width__hover_enabled=&#8221;off&#8221; button_one_border_width__hover_enabled=&#8221;off&#8221; button_two_border_width__hover_enabled=&#8221;off&#8221; button_border_color__hover_enabled=&#8221;off&#8221; button_one_border_color__hover_enabled=&#8221;off&#8221; button_two_border_color__hover_enabled=&#8221;off&#8221; button_border_radius__hover_enabled=&#8221;off&#8221; button_one_border_radius__hover_enabled=&#8221;off&#8221; button_two_border_radius__hover_enabled=&#8221;off&#8221; button_letter_spacing__hover_enabled=&#8221;off&#8221; button_one_letter_spacing__hover_enabled=&#8221;off&#8221; button_two_letter_spacing__hover_enabled=&#8221;off&#8221; button_bg_color__hover_enabled=&#8221;off&#8221; button_one_bg_color__hover_enabled=&#8221;off&#8221; button_two_bg_color__hover_enabled=&#8221;off&#8221;][\/et_pb_contact_field][et_pb_contact_field field_id=&#8221;Mensaje&#8221; field_title=&#8221;D\u00e9janos tu solicitud o pregunta&#8221; field_type=&#8221;text&#8221; fullwidth_field=&#8221;on&#8221; _builder_version=&#8221;4.9.4&#8243; button_text_size__hover_enabled=&#8221;off&#8221; button_one_text_size__hover_enabled=&#8221;off&#8221; button_two_text_size__hover_enabled=&#8221;off&#8221; button_text_color__hover_enabled=&#8221;off&#8221; button_one_text_color__hover_enabled=&#8221;off&#8221; button_two_text_color__hover_enabled=&#8221;off&#8221; button_border_width__hover_enabled=&#8221;off&#8221; button_one_border_width__hover_enabled=&#8221;off&#8221; button_two_border_width__hover_enabled=&#8221;off&#8221; button_border_color__hover_enabled=&#8221;off&#8221; button_one_border_color__hover_enabled=&#8221;off&#8221; button_two_border_color__hover_enabled=&#8221;off&#8221; button_border_radius__hover_enabled=&#8221;off&#8221; button_one_border_radius__hover_enabled=&#8221;off&#8221; button_two_border_radius__hover_enabled=&#8221;off&#8221; button_letter_spacing__hover_enabled=&#8221;off&#8221; button_one_letter_spacing__hover_enabled=&#8221;off&#8221; button_two_letter_spacing__hover_enabled=&#8221;off&#8221; button_bg_color__hover_enabled=&#8221;off&#8221; button_one_bg_color__hover_enabled=&#8221;off&#8221; button_two_bg_color__hover_enabled=&#8221;off&#8221;][\/et_pb_contact_field][\/et_pb_contact_form][\/et_pb_column][\/et_pb_row][\/et_pb_section][et_pb_section fb_built=&#8221;1&#8243; next_background_color=&#8221;#ffffff&#8221; _builder_version=&#8221;4.9.4&#8243; _module_preset=&#8221;default&#8221; background_color=&#8221;rgba(20,20,20,0.88)&#8221; bottom_divider_style=&#8221;ramp2&#8243; bottom_divider_height=&#8221;145px&#8221;][et_pb_row _builder_version=&#8221;4.9.4&#8243; _module_preset=&#8221;default&#8221; width=&#8221;83%&#8221; max_width=&#8221;2100px&#8221; custom_margin=&#8221;3px||||false|false&#8221;][et_pb_column type=&#8221;4_4&#8243; _builder_version=&#8221;4.9.4&#8243; _module_preset=&#8221;default&#8221;][et_pb_image src=&#8221;https:\/\/centrortopedicovasco.com\/wp-content\/uploads\/2022\/07\/CONTACTANOS-3.png&#8221; title_text=&#8221;CONT\u00c1CTANOS (3)&#8221; url=&#8221;https:\/\/api.whatsapp.com\/send?phone=573113224191&#038;text=%C2%A1Hola!%20Necesito%20reservar%20una%20cita.&#8221; url_new_window=&#8221;on&#8221; disabled_on=&#8221;on|on|off&#8221; _builder_version=&#8221;4.9.4&#8243; _module_preset=&#8221;default&#8221; max_width=&#8221;64%&#8221; module_alignment=&#8221;center&#8221; min_height=&#8221;607px&#8221; height=&#8221;193px&#8221; custom_margin=&#8221;-200px||||false|false&#8221;][\/et_pb_image][et_pb_image src=&#8221;https:\/\/centrortopedicovasco.com\/wp-content\/uploads\/2022\/07\/CONTACTANOS-3.png&#8221; title_text=&#8221;CONT\u00c1CTANOS (3)&#8221; url=&#8221;https:\/\/api.whatsapp.com\/send?phone=573113224191&#038;text=%C2%A1Hola!%20Necesito%20reservar%20una%20cita.&#8221; url_new_window=&#8221;on&#8221; disabled_on=&#8221;off|off|on&#8221; _builder_version=&#8221;4.9.4&#8243; _module_preset=&#8221;default&#8221; width=&#8221;100%&#8221; custom_margin=&#8221;-159px||||false|false&#8221;][\/et_pb_image][et_pb_button button_url=&#8221;https:\/\/centrortopedicovasco.com\/noticias\/&#8221; button_text=&#8221;NOTICIAS&#8221; _builder_version=&#8221;4.9.4&#8243; _module_preset=&#8221;default&#8221; custom_button=&#8221;on&#8221; button_text_color=&#8221;#FFFFFF&#8221; background_layout=&#8221;dark&#8221; custom_margin=&#8221;-50px||||false|false&#8221;][\/et_pb_button][et_pb_social_media_follow _builder_version=&#8221;4.9.4&#8243; _module_preset=&#8221;default&#8221;][et_pb_social_media_follow_network social_network=&#8221;facebook&#8221; url=&#8221;https:\/\/www.facebook.com\/centroortopedicovasco\/&#8221; _builder_version=&#8221;4.9.4&#8243; _module_preset=&#8221;default&#8221; background_color=&#8221;#3b5998&#8243; follow_button=&#8221;off&#8221; url_new_window=&#8221;on&#8221;]facebook[\/et_pb_social_media_follow_network][et_pb_social_media_follow_network social_network=&#8221;instagram&#8221; url=&#8221;https:\/\/www.instagram.com\/centroortopedicovasco\/?hl=es&#8221; _builder_version=&#8221;4.9.4&#8243; _module_preset=&#8221;default&#8221; background_color=&#8221;#ea2c59&#8243; follow_button=&#8221;off&#8221; url_new_window=&#8221;on&#8221;]instagram[\/et_pb_social_media_follow_network][\/et_pb_social_media_follow][et_pb_divider color=&#8221;#0C71C3&#8243; _builder_version=&#8221;4.9.4&#8243; _module_preset=&#8221;default&#8221; custom_margin=&#8221;-15px||||false|false&#8221;][\/et_pb_divider][et_pb_text _builder_version=&#8221;4.9.4&#8243; _module_preset=&#8221;default&#8221; text_font=&#8221;Bebas Neue||||||||&#8221; text_text_color=&#8221;#FFFFFF&#8221; text_font_size=&#8221;15px&#8221; custom_margin=&#8221;-46px||||false|false&#8221; inline_fonts=&#8221;Bebas Neue&#8221;]<\/p>\n<ol>\n<li style=\"list-style-type: none;\">\n<ul>\n<li style=\"text-align: justify;\"><span style=\"font-size: medium;\"><em><span style=\"color: #ffffff; font-family: 'Bebas Neue'; font-weight: normal;\"><a href=\"mailto:CENTROORTOPEDICOVASCO@GMAIL.COM\" style=\"color: #ffffff;\">CENTROORTOPEDICOVASCO@GMAIL.COM<\/a><\/span><\/em><\/span><\/li>\n<li style=\"text-align: justify;\"><span style=\"font-size: medium;\"><em><span style=\"font-family: 'Bebas Neue'; font-weight: normal;\">TEL: 8904747 &#8211; 3113224191<\/span><\/em><\/span><\/li>\n<li style=\"text-align: justify;\"><span style=\"font-size: medium;\"><em><span style=\"font-family: 'Bebas Neue'; font-weight: normal;\">Ed. Portal del Cable, CLL 64A #21-50 Consultorio 401, Manizales, Caldas.&nbsp;<\/span><\/em><\/span><\/li>\n<\/ul>\n<\/li>\n<\/ol>\n<p>\u00a9 Copyright 2021| Todos los derechos reservados.<span><\/span><\/p>\n<p><span><\/span><\/p>\n<p><span><\/span><\/p>\n<p>&nbsp;[\/et_pb_text][\/et_pb_column][\/et_pb_row][\/et_pb_section]<\/p>\n","protected":false},"excerpt":{"rendered":"<p>[et_pb_section fb_built=&#8221;1&#8243; _builder_version=&#8221;4.9.4&#8243; _module_preset=&#8221;default&#8221;][et_pb_row _builder_version=&#8221;4.9.4&#8243; _module_preset=&#8221;default&#8221;][et_pb_column type=&#8221;4_4&#8243; _builder_version=&#8221;4.9.4&#8243; _module_preset=&#8221;default&#8221;][et_pb_menu active_link_color=&#8221;#000000&#8243; show_search_icon=&#8221;on&#8221; _builder_version=&#8221;4.9.4&#8243; _module_preset=&#8221;default&#8221; menu_font=&#8221;Anton||||||||&#8221; menu_text_color=&#8221;#000000&#8243; menu_font_size=&#8221;18px&#8221;][\/et_pb_menu][\/et_pb_column][\/et_pb_row][\/et_pb_section][et_pb_section fb_built=&#8221;1&#8243; disabled_on=&#8221;off|off|on&#8221; _builder_version=&#8221;4.9.4&#8243; _module_preset=&#8221;default&#8221; background_image=&#8221;https:\/\/centrortopedicovasco.com\/wp-content\/uploads\/2022\/07\/Copia-de-Sin-titulo-6.png&#8221; width=&#8221;100%&#8221; module_alignment=&#8221;center&#8221; min_height=&#8221;100px&#8221; height=&#8221;170px&#8221; custom_margin=&#8221;-50px||||false|false&#8221;][\/et_pb_section][et_pb_section fb_built=&#8221;1&#8243; disabled_on=&#8221;on|on|off&#8221; _builder_version=&#8221;4.9.4&#8243; _module_preset=&#8221;default&#8221; background_image=&#8221;https:\/\/centrortopedicovasco.com\/wp-content\/uploads\/2022\/07\/Copia-de-Sin-titulo-6.png&#8221; max_width=&#8221;64%&#8221; module_alignment=&#8221;center&#8221; min_height=&#8221;220px&#8221;][et_pb_row _builder_version=&#8221;4.9.4&#8243; _module_preset=&#8221;default&#8221;][et_pb_column type=&#8221;4_4&#8243; _builder_version=&#8221;4.9.4&#8243; _module_preset=&#8221;default&#8221;][\/et_pb_column][\/et_pb_row][\/et_pb_section][et_pb_section fb_built=&#8221;1&#8243; prev_background_color=&#8221;#ffffff&#8221; _builder_version=&#8221;4.9.4&#8243; _module_preset=&#8221;default&#8221; use_background_color_gradient=&#8221;on&#8221; background_color_gradient_start=&#8221;rgba(128,165,173,0.66)&#8221; background_color_gradient_end=&#8221;rgba(52,155,173,0.83)&#8221; background_color_gradient_start_position=&#8221;77%&#8221; top_divider_style=&#8221;curve2&#8243; top_divider_height=&#8221;77px&#8221;][et_pb_row _builder_version=&#8221;4.9.4&#8243; _module_preset=&#8221;default&#8221; width=&#8221;87%&#8221; custom_margin=&#8221;39px||||false|false&#8221;][et_pb_column type=&#8221;4_4&#8243; _builder_version=&#8221;4.9.4&#8243; [&hellip;]<\/p>\n","protected":false},"author":1,"featured_media":0,"parent":0,"menu_order":0,"comment_status":"closed","ping_status":"closed","template":"page-template-blank.php","meta":{"_et_pb_use_builder":"on","_et_pb_old_content":"","_et_gb_content_width":"","footnotes":""},"class_list":["post-24","page","type-page","status-publish","hentry"],"aioseo_notices":[],"_links":{"self":[{"href":"https:\/\/centrortopedicovasco.com\/index.php\/wp-json\/wp\/v2\/pages\/24","targetHints":{"allow":["GET"]}}],"collection":[{"href":"https:\/\/centrortopedicovasco.com\/index.php\/wp-json\/wp\/v2\/pages"}],"about":[{"href":"https:\/\/centrortopedicovasco.com\/index.php\/wp-json\/wp\/v2\/types\/page"}],"author":[{"embeddable":true,"href":"https:\/\/centrortopedicovasco.com\/index.php\/wp-json\/wp\/v2\/users\/1"}],"replies":[{"embeddable":true,"href":"https:\/\/centrortopedicovasco.com\/index.php\/wp-json\/wp\/v2\/comments?post=24"}],"version-history":[{"count":5,"href":"https:\/\/centrortopedicovasco.com\/index.php\/wp-json\/wp\/v2\/pages\/24\/revisions"}],"predecessor-version":[{"id":110,"href":"https:\/\/centrortopedicovasco.com\/index.php\/wp-json\/wp\/v2\/pages\/24\/revisions\/110"}],"wp:attachment":[{"href":"https:\/\/centrortopedicovasco.com\/index.php\/wp-json\/wp\/v2\/media?parent=24"}],"curies":[{"name":"wp","href":"https:\/\/api.w.org\/{rel}","templated":true}]}}